{"id":61,"date":"2021-06-24T10:10:53","date_gmt":"2021-06-24T10:10:53","guid":{"rendered":"https:\/\/afrika.esperantujo.io\/8-ake\/?page_id=61"},"modified":"2022-04-24T19:44:19","modified_gmt":"2022-04-24T19:44:19","slug":"la-8-a-afrika-kongreso-de-esperanto-2022","status":"publish","type":"page","link":"https:\/\/afrika.esperantujo.io\/8-ake\/","title":{"rendered":"Bonvenon!"},"content":{"rendered":"\n<p class=\"has-text-align-left\" style=\"font-size:16px\"><mark style=\"background-color:rgba(0, 0, 0, 0)\" class=\"has-inline-color has-black-color\">Al la retpa\u011do de la 8-a Afrika Kongreso de Esperanto (AKE), kiu okazos de la 26-a \u011dis la 30-a de decembro 2022 en Tieso, Senegalo.<\/mark><\/p>\n\n\n\n<p class=\"has-text-align-left\" style=\"font-size:16px\"><mark style=\"background-color:rgba(0, 0, 0, 0)\" class=\"has-inline-color has-black-color\">Per tiu \u0109i retpa\u011do vi povas legi informojn pri la kongresa temo, ekscii pri kotizoj, rigardi fotojn, spekti filmetojn pri la kongresa lando, el\u015duti dokumentojn, konati\u011di kun partoprenkondi\u0109oj kaj respondoj al oftaj demandoj, kaj plej grave \u2013 ali\u011di al la kongreso! Ni anka\u016d invitas vin subteni finance partoprenon de junaj afrikaj geaktivuloj al la Afrika Kongreso de Esperanto, jam okazonta\u00a0la 8-an fojon en la kontinento. Bonvolu ali\u011di, partopreni kaj kontribui por ke ni kune realigu \u0109i tiun mirindan renkonti\u011don!<\/mark><\/p>\n\n\n\n<p style=\"font-size:16px\"><mark style=\"background-color:rgba(0, 0, 0, 0)\" class=\"has-inline-color has-black-color\">Se vi havas demandojn, vi jam povas skribi ilin en la \u0109i-suba kampo a\u016d rekte sendi al la Kongresa Organiza Komitato per <\/mark><mark style=\"background-color:rgba(0, 0, 0, 0)\" class=\"has-inline-color has-vivid-purple-color\"><em>ake-8-organizantoj@googlegroups.com<\/em><\/mark> a\u016d <a href=\"mailto:ake@esperanto-afriko.org\"><u><em>ake@esperanto-afriko.org<\/em><\/u><\/a>.\u00a0<\/p>\n\n\n\n<figure class=\"wp-block-image size-full is-resized\"><img loading=\"lazy\" decoding=\"async\" src=\"https:\/\/afrika.esperantujo.io\/8-ake\/wp-content\/uploads\/2022\/03\/seneg.jpg\" alt=\"\" class=\"wp-image-268\" width=\"501\" height=\"277\" srcset=\"https:\/\/afrika.esperantujo.io\/8-ake\/wp-content\/uploads\/2022\/03\/seneg.jpg 302w, https:\/\/afrika.esperantujo.io\/8-ake\/wp-content\/uploads\/2022\/03\/seneg-300x166.jpg 300w, https:\/\/afrika.esperantujo.io\/8-ake\/wp-content\/uploads\/2022\/03\/seneg-230x127.jpg 230w\" sizes=\"auto, (max-width: 501px) 100vw, 501px\" \/><\/figure>\n\n\n\n<p><\/p>\n\n\n","protected":false},"excerpt":{"rendered":"<p>Al la retpa\u011do de la 8-a Afrika Kongreso de Esperanto (AKE), kiu okazos de la 26-a \u011dis la 30-a de decembro 2022 en Tieso, Senegalo. Per tiu \u0109i retpa\u011do vi povas legi informojn pri la kongresa temo, ekscii pri kotizoj, rigardi fotojn, spekti filmetojn pri la kongresa lando, el\u015duti dokumentojn, konati\u011di kun partoprenkondi\u0109oj kaj respondoj [&hellip;]<\/p>\n","protected":false},"author":2,"featured_media":276,"parent":0,"menu_order":0,"comment_status":"closed","ping_status":"closed","template":"","meta":{"footnotes":""},"class_list":["post-61","page","type-page","status-publish","has-post-thumbnail","hentry"],"_links":{"self":[{"href":"https:\/\/afrika.esperantujo.io\/8-ake\/wp-json\/wp\/v2\/pages\/61","targetHints":{"allow":["GET"]}}],"collection":[{"href":"https:\/\/afrika.esperantujo.io\/8-ake\/wp-json\/wp\/v2\/pages"}],"about":[{"href":"https:\/\/afrika.esperantujo.io\/8-ake\/wp-json\/wp\/v2\/types\/page"}],"author":[{"embeddable":true,"href":"https:\/\/afrika.esperantujo.io\/8-ake\/wp-json\/wp\/v2\/users\/2"}],"replies":[{"embeddable":true,"href":"https:\/\/afrika.esperantujo.io\/8-ake\/wp-json\/wp\/v2\/comments?post=61"}],"version-history":[{"count":22,"href":"https:\/\/afrika.esperantujo.io\/8-ake\/wp-json\/wp\/v2\/pages\/61\/revisions"}],"predecessor-version":[{"id":400,"href":"https:\/\/afrika.esperantujo.io\/8-ake\/wp-json\/wp\/v2\/pages\/61\/revisions\/400"}],"wp:featuredmedia":[{"embeddable":true,"href":"https:\/\/afrika.esperantujo.io\/8-ake\/wp-json\/wp\/v2\/media\/276"}],"wp:attachment":[{"href":"https:\/\/afrika.esperantujo.io\/8-ake\/wp-json\/wp\/v2\/media?parent=61"}],"curies":[{"name":"wp","href":"https:\/\/api.w.org\/{rel}","templated":true}]}}