{"id":32,"date":"2021-06-24T09:57:47","date_gmt":"2021-06-24T09:57:47","guid":{"rendered":"https:\/\/afrika.esperantujo.io\/8-ake\/?page_id=32"},"modified":"2022-04-24T19:13:20","modified_gmt":"2022-04-24T19:13:20","slug":"kongresa-temo","status":"publish","type":"page","link":"https:\/\/afrika.esperantujo.io\/8-ake\/kongresa-temo\/","title":{"rendered":"Kongresa temo"},"content":{"rendered":"\n<p>Kial ni kongresas? La Afrikaj Kongresoj de Esperanto estas rendevuoj por esperantistoj diskuti la organizan vivon de nia kontinenta movado, decidi pri ties orienti\u011do estonte kaj vigle praktiki la lingvon: okazas ekzemple kursoj, ekzamenoj kaj diversaj kunvenoj. Afrikaj Kongresoj de Esperanto estas anka\u016d okazoj refortigi niajn tradiciojn, renkonti malnovajn amikojn kaj konati\u011di kun novaj.<\/p>\n\n\n\n<p>Nia \u0109i-jara kongresa temo estas<strong> <em>Esperanto, \u015danco kaj ne minaco por Afriko<\/em><\/strong><em>. <\/em>Tio estas bona kaj grava temo. En la nuna mondo estas diversaj lingvoj: angla, araba, \u0109ina, franca, rusa, dum aperis ankora\u016d Esperanto. \u0108u tiuj \u0109i jam ekzistantaj kaj naciaj lingvoj ne sufi\u0109as por komuniki\u011di? Kial do ankora\u016d Esperanto? Neniu el tiuj naciaj lingvoj ebligas internacie senpartian komunikadon inter la homoj ol Esperanto, kiu metas \u0109iujn homojn sur la ne\u016dtrala bazo de komunikado. La pruvo, kiom da foje post jaroj da lernado, ni timas a\u016d balbutas en la angla a\u016d franca lingvoj anta\u016d anglo a\u016d franco, kiuj ne dedi\u0109is tiom da tempo kaj mono por la lernado de siaj lingvoj. Ni esperantistoj posedas lingvon, kiu ebligas senpartian komunikadon. Se tiel estas, kiel ni afrikanoj utiligu nian lingvon inter la homoj kun diversaj religioj, historioj, aspiroj, deziroj, lingvoj, popoloj, tradicioj kiel rimedon por komuniki a\u016d por komuniki\u011di? Kiel fari el Esperanto, en plena realo, lingvo kiu ebligu pli da komunikado inter la afrikanoj? Ne sufi\u0109as diri al la homoj, ke Esperanto pli bone servus ilin, se ili volus uzi \u011din, ke Esperanto \u011duas rimarkinde ri\u0109an literaturon, ke homoj \u011din uzas por inter\u015dan\u011di profesiajn spertojn, ke \u011di havas siajn radiostaciojn, siajn gazetojn pri aktualaj aferoj, sian abundan interretan vivon kaj siajn multajn kunvenojn kaj renkonti\u011dojn. Necesas, ke ni mem, pliperfektigu nian Esperanto-kapablon, ser\u0109u a\u016d kreu rimedojn por perlabori nian lingvo-scion, ni kiuj ankora\u016d ne havas laborojn, cele al efektiva subtenado de la enkontinenta movado, kiu estas bona\u016dgura tamen minacata pro manko de sufi\u0109aj financaj rimedoj.<\/p>\n","protected":false},"excerpt":{"rendered":"<p>Kial ni kongresas? La Afrikaj Kongresoj de Esperanto estas rendevuoj por esperantistoj diskuti la organizan vivon de nia kontinenta movado, decidi pri ties orienti\u011do estonte kaj vigle praktiki la lingvon: okazas ekzemple kursoj, ekzamenoj kaj diversaj kunvenoj. Afrikaj Kongresoj de Esperanto estas anka\u016d okazoj refortigi niajn tradiciojn, renkonti malnovajn amikojn kaj konati\u011di kun novaj. Nia [&hellip;]<\/p>\n","protected":false},"author":2,"featured_media":0,"parent":0,"menu_order":0,"comment_status":"closed","ping_status":"closed","template":"","meta":{"footnotes":""},"class_list":["post-32","page","type-page","status-publish","hentry"],"_links":{"self":[{"href":"https:\/\/afrika.esperantujo.io\/8-ake\/wp-json\/wp\/v2\/pages\/32","targetHints":{"allow":["GET"]}}],"collection":[{"href":"https:\/\/afrika.esperantujo.io\/8-ake\/wp-json\/wp\/v2\/pages"}],"about":[{"href":"https:\/\/afrika.esperantujo.io\/8-ake\/wp-json\/wp\/v2\/types\/page"}],"author":[{"embeddable":true,"href":"https:\/\/afrika.esperantujo.io\/8-ake\/wp-json\/wp\/v2\/users\/2"}],"replies":[{"embeddable":true,"href":"https:\/\/afrika.esperantujo.io\/8-ake\/wp-json\/wp\/v2\/comments?post=32"}],"version-history":[{"count":8,"href":"https:\/\/afrika.esperantujo.io\/8-ake\/wp-json\/wp\/v2\/pages\/32\/revisions"}],"predecessor-version":[{"id":395,"href":"https:\/\/afrika.esperantujo.io\/8-ake\/wp-json\/wp\/v2\/pages\/32\/revisions\/395"}],"wp:attachment":[{"href":"https:\/\/afrika.esperantujo.io\/8-ake\/wp-json\/wp\/v2\/media?parent=32"}],"curies":[{"name":"wp","href":"https:\/\/api.w.org\/{rel}","templated":true}]}}